{"id":4258,"date":"2023-07-17T11:32:12","date_gmt":"2023-07-17T11:32:12","guid":{"rendered":"https:\/\/fundacionutopika.org\/typ-transfer\/"},"modified":"2023-07-17T11:32:13","modified_gmt":"2023-07-17T11:32:13","slug":"typ-transfer","status":"publish","type":"page","link":"https:\/\/fundacionutopika.org\/en\/typ-transfer\/","title":{"rendered":"TYP Transfer"},"content":{"rendered":"\t\t<div data-elementor-type=\"wp-page\" data-elementor-id=\"4258\" data-post-id=\"4258\" data-obj-id=\"4258\" class=\"elementor elementor-4258 dce-elementor-post-4258 elementor-2645\">\n\t\t\t\t\t\t\t\t\t<section data-dce-background-color=\"#F9F8FE\" class=\"elementor-section elementor-top-section elementor-element elementor-element-223cc2d elementor-section-boxed elementor-section-height-default elementor-section-height-default\" data-id=\"223cc2d\" data-element_type=\"section\" data-settings=\"{&quot;background_background&quot;:&quot;classic&quot;}\">\n\t\t\t\t\t\t<div class=\"elementor-container elementor-column-gap-default\">\n\t\t\t\t\t<div class=\"elementor-column elementor-col-100 elementor-top-column elementor-element elementor-element-c8e5d09\" data-id=\"c8e5d09\" data-element_type=\"column\">\n\t\t\t<div class=\"elementor-widget-wrap elementor-element-populated\">\n\t\t\t\t\t\t\t\t<section data-dce-background-color=\"#FFFFFF\" class=\"elementor-section elementor-inner-section elementor-element elementor-element-b759e71 elementor-section-boxed elementor-section-height-default elementor-section-height-default\" data-id=\"b759e71\" data-element_type=\"section\" data-settings=\"{&quot;background_background&quot;:&quot;classic&quot;}\">\n\t\t\t\t\t\t<div class=\"elementor-container elementor-column-gap-default\">\n\t\t\t\t\t<div class=\"elementor-column elementor-col-100 elementor-inner-column elementor-element elementor-element-a8e165f\" data-id=\"a8e165f\" data-element_type=\"column\">\n\t\t\t<div class=\"elementor-widget-wrap elementor-element-populated\">\n\t\t\t\t\t\t\t\t<div class=\"elementor-element elementor-element-50d9788 elementor-widget elementor-widget-heading\" data-id=\"50d9788\" data-element_type=\"widget\" data-widget_type=\"heading.default\">\n\t\t\t\t<div class=\"elementor-widget-container\">\n\t\t\t<style>\/*! elementor - v3.7.8 - 02-10-2022 *\/\n.elementor-heading-title{padding:0;margin:0;line-height:1}.elementor-widget-heading .elementor-heading-title[class*=elementor-size-]>a{color:inherit;font-size:inherit;line-height:inherit}.elementor-widget-heading .elementor-heading-title.elementor-size-small{font-size:15px}.elementor-widget-heading .elementor-heading-title.elementor-size-medium{font-size:19px}.elementor-widget-heading .elementor-heading-title.elementor-size-large{font-size:29px}.elementor-widget-heading .elementor-heading-title.elementor-size-xl{font-size:39px}.elementor-widget-heading .elementor-heading-title.elementor-size-xxl{font-size:59px}<\/style><h2 class=\"elementor-heading-title elementor-size-default\">Thank you very much for donating to <span style=\"color: #E4237F;\">UT\u00d3PIKA FOUNDATION<\/span> <\/h2>\t\t<\/div>\n\t\t\t\t<\/div>\n\t\t\t\t<div class=\"elementor-element elementor-element-cb8418c elementor-widget elementor-widget-text-editor\" data-id=\"cb8418c\" data-element_type=\"widget\" data-widget_type=\"text-editor.default\">\n\t\t\t\t<div class=\"elementor-widget-container\">\n\t\t\t<style>\/*! elementor - v3.7.8 - 02-10-2022 *\/\n.elementor-widget-text-editor.elementor-drop-cap-view-stacked .elementor-drop-cap{background-color:#818a91;color:#fff}.elementor-widget-text-editor.elementor-drop-cap-view-framed .elementor-drop-cap{color:#818a91;border:3px solid;background-color:transparent}.elementor-widget-text-editor:not(.elementor-drop-cap-view-default) .elementor-drop-cap{margin-top:8px}.elementor-widget-text-editor:not(.elementor-drop-cap-view-default) .elementor-drop-cap-letter{width:1em;height:1em}.elementor-widget-text-editor .elementor-drop-cap{float:left;text-align:center;line-height:1;font-size:50px}.elementor-widget-text-editor .elementor-drop-cap-letter{display:inline-block}<\/style>\t\t\t\t<strong>Information to make the bank transfer:<\/strong>\n\nBeneficiary: UT\u00d3PIKA FOUNDATION.\n\nBeneficiary account number: ES9300810200210003817191.\n\nConcept: DONACI\u00d3N FUNDACI\u00d3N UT\u00d3PIKA.\n\n&nbsp;\n\nYou will shortly receive in your e-mail a form called &#8220;Know Your Donor&#8221;, which will be sent to your e-mail address.\nplease complete the form within 1 month so that your donation can be made effective.\t\t\t\t\t\t<\/div>\n\t\t\t\t<\/div>\n\t\t\t\t<div data-dce-background-color=\"#E4237F\" class=\"elementor-element elementor-element-15575b1 elementor-widget elementor-widget-button\" data-id=\"15575b1\" data-element_type=\"widget\" data-widget_type=\"button.default\">\n\t\t\t\t<div class=\"elementor-widget-container\">\n\t\t\t\t\t<div class=\"elementor-button-wrapper\">\n\t\t\t<a href=\"https:\/\/fundacionutopika.org\/home\/\" class=\"elementor-button-link elementor-button elementor-size-sm\" role=\"button\">\n\t\t\t\t\t\t<span class=\"elementor-button-content-wrapper\">\n\t\t\t\t\t\t<span class=\"elementor-button-text\">Back to home &gt;<\/span>\n\t\t<\/span>\n\t\t\t\t\t<\/a>\n\t\t<\/div>\n\t\t\t\t<\/div>\n\t\t\t\t<\/div>\n\t\t\t\t\t<\/div>\n\t\t<\/div>\n\t\t\t\t\t\t\t<\/div>\n\t\t<\/section>\n\t\t\t\t\t<\/div>\n\t\t<\/div>\n\t\t\t\t\t\t\t<\/div>\n\t\t<\/section>\n\t\t\t\t\t\t\t<\/div>\n\t\t","protected":false},"excerpt":{"rendered":"<p>Thank you very much for donating to UT\u00d3PIKA FOUNDATION Information to make the bank transfer: Beneficiary: UT\u00d3PIKA FOUNDATION. Beneficiary account number: ES9300810200210003817191. Concept: DONACI\u00d3N FUNDACI\u00d3N UT\u00d3PIKA. &nbsp; You will shortly receive in your e-mail a form called &#8220;Know Your Donor&#8221;, which will be sent to your e-mail address. please complete the form within 1 month [&hellip;]<\/p>\n","protected":false},"author":2,"featured_media":0,"parent":0,"menu_order":0,"comment_status":"closed","ping_status":"closed","template":"elementor_header_footer","meta":{"footnotes":""},"class_list":["post-4258","page","type-page","status-publish","hentry"],"yoast_head":"<!-- This site is optimized with the Yoast SEO plugin v20.8 - https:\/\/yoast.com\/wordpress\/plugins\/seo\/ -->\n<title>TYP Transfer - Fundaci\u00f3n Utopika<\/title>\n<meta name=\"robots\" content=\"index, follow, max-snippet:-1, max-image-preview:large, max-video-preview:-1\" \/>\n<link rel=\"canonical\" href=\"https:\/\/fundacionutopika.org\/en\/typ-transfer\/\" \/>\n<meta property=\"og:locale\" content=\"en_US\" \/>\n<meta property=\"og:type\" content=\"article\" \/>\n<meta property=\"og:title\" content=\"TYP Transfer - Fundaci\u00f3n Utopika\" \/>\n<meta property=\"og:description\" content=\"Thank you very much for donating to UT\u00d3PIKA FOUNDATION Information to make the bank transfer: Beneficiary: UT\u00d3PIKA FOUNDATION. Beneficiary account number: ES9300810200210003817191. Concept: DONACI\u00d3N FUNDACI\u00d3N UT\u00d3PIKA. &nbsp; You will shortly receive in your e-mail a form called &#8220;Know Your Donor&#8221;, which will be sent to your e-mail address. please complete the form within 1 month [&hellip;]\" \/>\n<meta property=\"og:url\" content=\"https:\/\/fundacionutopika.org\/en\/typ-transfer\/\" \/>\n<meta property=\"og:site_name\" content=\"Fundaci\u00f3n Utopika\" \/>\n<meta property=\"article:modified_time\" content=\"2023-07-17T11:32:13+00:00\" \/>\n<meta name=\"twitter:card\" content=\"summary_large_image\" \/>\n<script type=\"application\/ld+json\" class=\"yoast-schema-graph\">{\"@context\":\"https:\/\/schema.org\",\"@graph\":[{\"@type\":\"WebPage\",\"@id\":\"https:\/\/fundacionutopika.org\/en\/typ-transfer\/\",\"url\":\"https:\/\/fundacionutopika.org\/en\/typ-transfer\/\",\"name\":\"TYP Transfer - Fundaci\u00f3n Utopika\",\"isPartOf\":{\"@id\":\"https:\/\/fundacionutopika.org\/#website\"},\"datePublished\":\"2023-07-17T11:32:12+00:00\",\"dateModified\":\"2023-07-17T11:32:13+00:00\",\"breadcrumb\":{\"@id\":\"https:\/\/fundacionutopika.org\/en\/typ-transfer\/#breadcrumb\"},\"inLanguage\":\"en-US\",\"potentialAction\":[{\"@type\":\"ReadAction\",\"target\":[\"https:\/\/fundacionutopika.org\/en\/typ-transfer\/\"]}]},{\"@type\":\"BreadcrumbList\",\"@id\":\"https:\/\/fundacionutopika.org\/en\/typ-transfer\/#breadcrumb\",\"itemListElement\":[{\"@type\":\"ListItem\",\"position\":1,\"name\":\"Portada\",\"item\":\"https:\/\/fundacionutopika.org\/\"},{\"@type\":\"ListItem\",\"position\":2,\"name\":\"TYP Transfer\"}]},{\"@type\":\"WebSite\",\"@id\":\"https:\/\/fundacionutopika.org\/#website\",\"url\":\"https:\/\/fundacionutopika.org\/\",\"name\":\"Fundaci\u00f3n Utopika\",\"description\":\"Somos un conscious venture builder\",\"publisher\":{\"@id\":\"https:\/\/fundacionutopika.org\/#organization\"},\"potentialAction\":[{\"@type\":\"SearchAction\",\"target\":{\"@type\":\"EntryPoint\",\"urlTemplate\":\"https:\/\/fundacionutopika.org\/?s={search_term_string}\"},\"query-input\":\"required name=search_term_string\"}],\"inLanguage\":\"en-US\"},{\"@type\":\"Organization\",\"@id\":\"https:\/\/fundacionutopika.org\/#organization\",\"name\":\"Fundaci\u00f3n Utopika\",\"url\":\"https:\/\/fundacionutopika.org\/\",\"logo\":{\"@type\":\"ImageObject\",\"inLanguage\":\"en-US\",\"@id\":\"https:\/\/fundacionutopika.org\/#\/schema\/logo\/image\/\",\"url\":\"https:\/\/fundacionutopika.org\/wp-content\/uploads\/2022\/10\/logo_light.png\",\"contentUrl\":\"https:\/\/fundacionutopika.org\/wp-content\/uploads\/2022\/10\/logo_light.png\",\"width\":187,\"height\":66,\"caption\":\"Fundaci\u00f3n Utopika\"},\"image\":{\"@id\":\"https:\/\/fundacionutopika.org\/#\/schema\/logo\/image\/\"}}]}<\/script>\n<!-- \/ Yoast SEO plugin. -->","yoast_head_json":{"title":"TYP Transfer - Fundaci\u00f3n Utopika","robots":{"index":"index","follow":"follow","max-snippet":"max-snippet:-1","max-image-preview":"max-image-preview:large","max-video-preview":"max-video-preview:-1"},"canonical":"https:\/\/fundacionutopika.org\/en\/typ-transfer\/","og_locale":"en_US","og_type":"article","og_title":"TYP Transfer - Fundaci\u00f3n Utopika","og_description":"Thank you very much for donating to UT\u00d3PIKA FOUNDATION Information to make the bank transfer: Beneficiary: UT\u00d3PIKA FOUNDATION. Beneficiary account number: ES9300810200210003817191. Concept: DONACI\u00d3N FUNDACI\u00d3N UT\u00d3PIKA. &nbsp; You will shortly receive in your e-mail a form called &#8220;Know Your Donor&#8221;, which will be sent to your e-mail address. please complete the form within 1 month [&hellip;]","og_url":"https:\/\/fundacionutopika.org\/en\/typ-transfer\/","og_site_name":"Fundaci\u00f3n Utopika","article_modified_time":"2023-07-17T11:32:13+00:00","twitter_card":"summary_large_image","schema":{"@context":"https:\/\/schema.org","@graph":[{"@type":"WebPage","@id":"https:\/\/fundacionutopika.org\/en\/typ-transfer\/","url":"https:\/\/fundacionutopika.org\/en\/typ-transfer\/","name":"TYP Transfer - Fundaci\u00f3n Utopika","isPartOf":{"@id":"https:\/\/fundacionutopika.org\/#website"},"datePublished":"2023-07-17T11:32:12+00:00","dateModified":"2023-07-17T11:32:13+00:00","breadcrumb":{"@id":"https:\/\/fundacionutopika.org\/en\/typ-transfer\/#breadcrumb"},"inLanguage":"en-US","potentialAction":[{"@type":"ReadAction","target":["https:\/\/fundacionutopika.org\/en\/typ-transfer\/"]}]},{"@type":"BreadcrumbList","@id":"https:\/\/fundacionutopika.org\/en\/typ-transfer\/#breadcrumb","itemListElement":[{"@type":"ListItem","position":1,"name":"Portada","item":"https:\/\/fundacionutopika.org\/"},{"@type":"ListItem","position":2,"name":"TYP Transfer"}]},{"@type":"WebSite","@id":"https:\/\/fundacionutopika.org\/#website","url":"https:\/\/fundacionutopika.org\/","name":"Fundaci\u00f3n Utopika","description":"Somos un conscious venture builder","publisher":{"@id":"https:\/\/fundacionutopika.org\/#organization"},"potentialAction":[{"@type":"SearchAction","target":{"@type":"EntryPoint","urlTemplate":"https:\/\/fundacionutopika.org\/?s={search_term_string}"},"query-input":"required name=search_term_string"}],"inLanguage":"en-US"},{"@type":"Organization","@id":"https:\/\/fundacionutopika.org\/#organization","name":"Fundaci\u00f3n Utopika","url":"https:\/\/fundacionutopika.org\/","logo":{"@type":"ImageObject","inLanguage":"en-US","@id":"https:\/\/fundacionutopika.org\/#\/schema\/logo\/image\/","url":"https:\/\/fundacionutopika.org\/wp-content\/uploads\/2022\/10\/logo_light.png","contentUrl":"https:\/\/fundacionutopika.org\/wp-content\/uploads\/2022\/10\/logo_light.png","width":187,"height":66,"caption":"Fundaci\u00f3n Utopika"},"image":{"@id":"https:\/\/fundacionutopika.org\/#\/schema\/logo\/image\/"}}]}},"_links":{"self":[{"href":"https:\/\/fundacionutopika.org\/en\/wp-json\/wp\/v2\/pages\/4258","targetHints":{"allow":["GET"]}}],"collection":[{"href":"https:\/\/fundacionutopika.org\/en\/wp-json\/wp\/v2\/pages"}],"about":[{"href":"https:\/\/fundacionutopika.org\/en\/wp-json\/wp\/v2\/types\/page"}],"author":[{"embeddable":true,"href":"https:\/\/fundacionutopika.org\/en\/wp-json\/wp\/v2\/users\/2"}],"replies":[{"embeddable":true,"href":"https:\/\/fundacionutopika.org\/en\/wp-json\/wp\/v2\/comments?post=4258"}],"version-history":[{"count":1,"href":"https:\/\/fundacionutopika.org\/en\/wp-json\/wp\/v2\/pages\/4258\/revisions"}],"predecessor-version":[{"id":4259,"href":"https:\/\/fundacionutopika.org\/en\/wp-json\/wp\/v2\/pages\/4258\/revisions\/4259"}],"wp:attachment":[{"href":"https:\/\/fundacionutopika.org\/en\/wp-json\/wp\/v2\/media?parent=4258"}],"curies":[{"name":"wp","href":"https:\/\/api.w.org\/{rel}","templated":true}]}}